{"id":262,"date":"2025-04-18T13:37:11","date_gmt":"2025-04-18T13:37:11","guid":{"rendered":"https:\/\/albariya.eu\/produzido-de-forma-organica\/"},"modified":"2025-06-06T16:27:43","modified_gmt":"2025-06-06T16:27:43","slug":"produzido-de-forma-organica","status":"publish","type":"page","link":"https:\/\/albariya.eu\/pt-pt\/produzido-de-forma-organica\/","title":{"rendered":"Produzido de forma org\u00e2nica"},"content":{"rendered":"<div class=\"wpb-content-wrapper\"><p>[vc_row css_animation=&#8221;&#8221; row_type=&#8221;row&#8221; use_row_as_full_screen_section=&#8221;no&#8221; type=&#8221;full_width&#8221; angled_section=&#8221;no&#8221; text_align=&#8221;left&#8221; background_image_as_pattern=&#8221;without_pattern&#8221;][vc_column][vc_empty_space height=&#8221;&#8221; el_class=&#8221;spacer&#8221;][\/vc_column][\/vc_row][vc_row css_animation=&#8221;&#8221; row_type=&#8221;row&#8221; use_row_as_full_screen_section=&#8221;no&#8221; type=&#8221;full_width&#8221; angled_section=&#8221;no&#8221; text_align=&#8221;left&#8221; background_image_as_pattern=&#8221;without_pattern&#8221;][vc_column width=&#8221;1\/6&#8243;][\/vc_column][vc_column width=&#8221;1\/4&#8243;][vc_single_image image=&#8221;89&#8243; img_size=&#8221;full&#8221; css=&#8221;&#8221; qode_css_animation=&#8221;&#8221; el_class=&#8221;bottle&#8221;][\/vc_column][vc_column width=&#8221;5\/12&#8243;][vc_column_text css=&#8221;&#8221; el_class=&#8221;organic_header&#8221;]<\/p>\n<h1>Produzido de forma biol\u00f3gica<\/h1>\n<p>[\/vc_column_text][vc_column_text css=&#8221;&#8221;]<\/p>\n<h2>no Sul de Portugal<\/h2>\n<p>[\/vc_column_text][vc_empty_space height=&#8221;&#8221; el_class=&#8221;spacer-quarter&#8221;][vc_column_text css=&#8221;&#8221; el_class=&#8221;intro&#8221;]Fruta Silvestre Apanhada \u00e0 M\u00e3o<br \/>Destilado em Alambique de Cobre<br \/>Envelhecido em Barris de Carvalho<br \/>Maturado por no m\u00ednimo 5 anos[\/vc_column_text][vc_row_inner row_type=&#8221;row&#8221; type=&#8221;full_width&#8221; text_align=&#8221;left&#8221; css_animation=&#8221;&#8221;][vc_column_inner width=&#8221;3\/4&#8243;][vc_empty_space height=&#8221;&#8221; el_class=&#8221;spacer-half&#8221;][vc_column_text css=&#8221;&#8221;]<\/p>\n<p style=\"font-weight: 400;\">Albarya \u00e9 medronho de raiz pura, nascido das bagas cor de fogo do medronheiro \u2014 \u00e1rvore teimosa e eterna, que se agarra \u00e0 terra como quem sabe o valor do sil\u00eancio e do sol. Filha da bacia do Mediterr\u00e2neo, irm\u00e3 das serras e dos ventos do Ocidente, carrega no fruto o sabor do lugar.<\/p>\n<p>O nome vem do \u00e1rabe \u2014 <em>Albarya<\/em>, \u201ca selvagem\u201d. \u00c9 palavra antiga, com cheiro a poeira e canela, eco dos mouros que cruzaram estas terras e nos deixaram o saber dos alambiques de cobre. Foram s\u00e9culos de cultura, de fogo lento e m\u00e3os s\u00e1bias, e talvez tenha sido ali, l\u00e1 pelo s\u00e9culo VIII, que o medronho come\u00e7ou a ganhar alma.<\/p>\n<p style=\"font-weight: 400;\">Cham\u00e1-la \u201cA Selvagem\u201d \u00e9 honra e celebra\u00e7\u00e3o \u2014 das bagas que crescem livres, do mato que n\u00e3o se doma, do esp\u00edrito que n\u00e3o se rende. Cada gota leva dentro a ess\u00eancia da floresta, e um bocado da alma de quem respeita a terra.<\/p>\n<p>[\/vc_column_text][\/vc_column_inner][vc_column_inner width=&#8221;1\/4&#8243;][\/vc_column_inner][\/vc_row_inner][\/vc_column][vc_column width=&#8221;1\/6&#8243;][\/vc_column][\/vc_row][vc_row css_animation=&#8221;&#8221; row_type=&#8221;row&#8221; use_row_as_full_screen_section=&#8221;no&#8221; type=&#8221;full_width&#8221; angled_section=&#8221;no&#8221; text_align=&#8221;left&#8221; background_image_as_pattern=&#8221;without_pattern&#8221;][vc_column width=&#8221;1\/6&#8243;][\/vc_column][vc_column width=&#8221;3\/4&#8243; el_class=&#8221;photo_holder&#8221;][vc_empty_space height=&#8221;&#8221; el_class=&#8221;spacer-half&#8221;][qode_elements_holder number_of_columns=&#8221;three_columns&#8221;][qode_elements_holder_item cover=&#8221;yes&#8221; advanced_animations=&#8221;no&#8221; background_image=&#8221;62&#8243; custom_class=&#8221;photo_frame&#8221;][\/qode_elements_holder_item][qode_elements_holder_item cover=&#8221;yes&#8221; vertical_alignment=&#8221;middle&#8221; horizontal_alignment=&#8221;center&#8221; advanced_animations=&#8221;no&#8221; background_image=&#8221;61&#8243; custom_class=&#8221;photo_frame&#8221;][\/qode_elements_holder_item][qode_elements_holder_item cover=&#8221;yes&#8221; vertical_alignment=&#8221;middle&#8221; horizontal_alignment=&#8221;center&#8221; advanced_animations=&#8221;no&#8221; background_image=&#8221;60&#8243; custom_class=&#8221;photo_frame&#8221;][\/qode_elements_holder_item][\/qode_elements_holder][vc_empty_space height=&#8221;&#8221; el_class=&#8221;spacer-half&#8221;][\/vc_column][vc_column width=&#8221;1\/12&#8243;][\/vc_column][\/vc_row][vc_row css_animation=&#8221;&#8221; row_type=&#8221;row&#8221; use_row_as_full_screen_section=&#8221;no&#8221; type=&#8221;full_width&#8221; angled_section=&#8221;no&#8221; text_align=&#8221;left&#8221; background_image_as_pattern=&#8221;without_pattern&#8221;][vc_column width=&#8221;1\/12&#8243;][\/vc_column][vc_column width=&#8221;1\/3&#8243;][\/vc_column][vc_column width=&#8221;1\/3&#8243;][vc_column_text css=&#8221;&#8221;]<\/p>\n<p style=\"font-weight: 400;\">Em cada garrafa h\u00e1 gesto e inten\u00e7\u00e3o. As bagas, colhidas \u00e0 m\u00e3o, s\u00e3o frutos bravos do monte. Os ramos podados voltam \u00e0 fogueira que aquece o alambique, num ciclo onde nada se desperdi\u00e7a e tudo tem raz\u00e3o de ser. Sem venenos. Sem pressa. Sem pegada.<\/p>\n<p><\/p>\n<p style=\"font-weight: 400;\">Sabemos que o detalhe faz o sabor. Por isso, o nosso medronho \u00e9 destilado em cobre, sobre lume de lenha, e repousa cinco longos anos, matura em barris de carvalho. O tempo, aqui, \u00e9 mestre. E o que nasce dele \u00e9 um esp\u00edrito rico e profundo \u2014 com fruta madura no nariz, fumo e tanino na boca,e uma mem\u00f3ria que fica. <em>Albarya<\/em> \u00e9 isso: o nosso lado mais livre, servido em forma l\u00edquida.<\/p>\n<p>[\/vc_column_text][vc_empty_space height=&#8221;&#8221; el_class=&#8221;spacer-half&#8221;][vc_column_text css=&#8221;&#8221;]<em><strong>Aviso Legal<\/strong><\/em><br \/>O nosso Medronho \u00e9 produzido a partir de bagas silvestres de medronheiro, que crescem naturalmente, sem o uso de fertilizantes, pesticidas ou qualquer tipo de tratamento qu\u00edmico. Embora sigamos pr\u00e1ticas de produ\u00e7\u00e3o biol\u00f3gica, estamos atualmente no terceiro ano do processo de convers\u00e3o para certifica\u00e7\u00e3o biol\u00f3gica. A certifica\u00e7\u00e3o completa est\u00e1 prevista para 2026.[\/vc_column_text][\/vc_column][vc_column width=&#8221;1\/4&#8243;][\/vc_column][\/vc_row][vc_row css_animation=&#8221;&#8221; row_type=&#8221;row&#8221; use_row_as_full_screen_section=&#8221;no&#8221; type=&#8221;full_width&#8221; angled_section=&#8221;no&#8221; text_align=&#8221;left&#8221; background_image_as_pattern=&#8221;without_pattern&#8221;][vc_column][vc_empty_space height=&#8221;&#8221; el_class=&#8221;spacer&#8221;][\/vc_column][\/vc_row]<\/p>\n<\/div>","protected":false},"excerpt":{"rendered":"<p>[vc_row css_animation=&#8221;&#8221; row_type=&#8221;row&#8221; use_row_as_full_screen_section=&#8221;no&#8221; type=&#8221;full_width&#8221; angled_section=&#8221;no&#8221; text_align=&#8221;left&#8221; background_image_as_pattern=&#8221;without_pattern&#8221;][vc_column][vc_empty_space height=&#8221;&#8221; el_class=&#8221;spacer&#8221;][\/vc_column][\/vc_row][vc_row css_animation=&#8221;&#8221; row_type=&#8221;row&#8221; use_row_as_full_screen_section=&#8221;no&#8221; type=&#8221;full_width&#8221; angled_section=&#8221;no&#8221; text_align=&#8221;left&#8221; background_image_as_pattern=&#8221;without_pattern&#8221;][vc_column width=&#8221;1\/6&#8243;][\/vc_column][vc_column width=&#8221;1\/4&#8243;][vc_single_image image=&#8221;89&#8243; img_size=&#8221;full&#8221; css=&#8221;&#8221; qode_css_animation=&#8221;&#8221; el_class=&#8221;bottle&#8221;][\/vc_column][vc_column width=&#8221;5\/12&#8243;][vc_column_text css=&#8221;&#8221; el_class=&#8221;organic_header&#8221;] Produzido de forma biol\u00f3gica [\/vc_column_text][vc_column_text css=&#8221;&#8221;] no Sul de Portugal [\/vc_column_text][vc_empty_space height=&#8221;&#8221; el_class=&#8221;spacer-quarter&#8221;][vc_column_text css=&#8221;&#8221; el_class=&#8221;intro&#8221;]Fruta Silvestre Apanhada \u00e0&#8230;<\/p>\n","protected":false},"author":2,"featured_media":0,"parent":0,"menu_order":1,"comment_status":"closed","ping_status":"closed","template":"full_width.php","meta":{"footnotes":""},"class_list":["post-262","page","type-page","status-publish","hentry"],"_links":{"self":[{"href":"https:\/\/albariya.eu\/pt-pt\/wp-json\/wp\/v2\/pages\/262","targetHints":{"allow":["GET"]}}],"collection":[{"href":"https:\/\/albariya.eu\/pt-pt\/wp-json\/wp\/v2\/pages"}],"about":[{"href":"https:\/\/albariya.eu\/pt-pt\/wp-json\/wp\/v2\/types\/page"}],"author":[{"embeddable":true,"href":"https:\/\/albariya.eu\/pt-pt\/wp-json\/wp\/v2\/users\/2"}],"replies":[{"embeddable":true,"href":"https:\/\/albariya.eu\/pt-pt\/wp-json\/wp\/v2\/comments?post=262"}],"version-history":[{"count":15,"href":"https:\/\/albariya.eu\/pt-pt\/wp-json\/wp\/v2\/pages\/262\/revisions"}],"predecessor-version":[{"id":309,"href":"https:\/\/albariya.eu\/pt-pt\/wp-json\/wp\/v2\/pages\/262\/revisions\/309"}],"wp:attachment":[{"href":"https:\/\/albariya.eu\/pt-pt\/wp-json\/wp\/v2\/media?parent=262"}],"curies":[{"name":"wp","href":"https:\/\/api.w.org\/{rel}","templated":true}]}}