{"id":271,"date":"2025-04-18T13:37:47","date_gmt":"2025-04-18T13:37:47","guid":{"rendered":"https:\/\/albariya.eu\/a-nossa-historia\/"},"modified":"2025-06-06T16:23:50","modified_gmt":"2025-06-06T16:23:50","slug":"a-nossa-historia","status":"publish","type":"page","link":"https:\/\/albariya.eu\/pt-pt\/a-nossa-historia\/","title":{"rendered":"A Nossa Hist\u00f3ria"},"content":{"rendered":"<div class=\"wpb-content-wrapper\"><p>[vc_row css_animation=&#8221;&#8221; row_type=&#8221;row&#8221; use_row_as_full_screen_section=&#8221;no&#8221; type=&#8221;full_width&#8221; angled_section=&#8221;no&#8221; text_align=&#8221;left&#8221; background_image_as_pattern=&#8221;without_pattern&#8221;][vc_column width=&#8221;1\/12&#8243;][\/vc_column][vc_column width=&#8221;1\/2&#8243;][vc_empty_space height=&#8221;&#8221; el_class=&#8221;spacer&#8221;][vc_single_image image=&#8221;71&#8243; img_size=&#8221;full&#8221; alignment=&#8221;center&#8221; css=&#8221;&#8221; qode_css_animation=&#8221;&#8221;][vc_empty_space height=&#8221;&#8221; el_class=&#8221;spacer-half&#8221;][vc_column_text css=&#8221;&#8221;]<\/p>\n<h1>A Nossa<\/h1>\n<p>[\/vc_column_text][vc_column_text css=&#8221;&#8221; el_class=&#8221;history_header&#8221;]<\/p>\n<h1>Hist\u00f3ria<\/h1>\n<p>[\/vc_column_text][vc_empty_space height=&#8221;&#8221; el_class=&#8221;spacer-quarter&#8221;][vc_column_text css=&#8221;&#8221; el_class=&#8221;intro&#8221;]Do medronheiro ao copo, a <em>Albarya<\/em> nasce inteira c\u00e1 no <em>Monte Novo da Serra<\/em>, um peda\u00e7o de terra aben\u00e7oado, cheio de medronheiros bravos e verdejantes, embalados pelo vento salgado que sopra da costa, ali perto de Aljezur, no sul de Portugal.[\/vc_column_text][\/vc_column][vc_column width=&#8221;5\/12&#8243;][\/vc_column][\/vc_row][vc_row css_animation=&#8221;&#8221; row_type=&#8221;row&#8221; use_row_as_full_screen_section=&#8221;no&#8221; type=&#8221;full_width&#8221; angled_section=&#8221;no&#8221; text_align=&#8221;left&#8221; background_image_as_pattern=&#8221;without_pattern&#8221;][vc_column width=&#8221;5\/12&#8243;][\/vc_column][vc_column width=&#8221;5\/12&#8243;][vc_empty_space height=&#8221;&#8221; el_class=&#8221;spacer-half&#8221;][vc_column_text css=&#8221;&#8221;]Escolhemos este lugar a dedo, para te oferecer o melhor medronho que se pode provar. De um lado, a terra olha para os p\u00e9s da serra de Monchique. Do outro, estende a vista at\u00e9 ao Atl\u00e2ntico, cuja maresia d\u00e1 \u00e0s nossas bagas um sabor que s\u00f3 o mar sabe dar.<\/p>\n<p>Nesta terra, o medronho j\u00e1 se destila h\u00e1 mais de cem anos. O edif\u00edcio antigo da destilaria foi restaurado com respeito \u00e1 tradi\u00e7\u00e3o, albergando porem tecnologia mais moderna que ajuda na garantia de qualidade do destilado.<\/p>\n<p>S\u00e3o precisos muitos quilos de medronho, apanhado \u00e0 m\u00e3o com paci\u00eancia e saber, para fazer um s\u00f3 litro deste \u201cn\u00e9ctar\u201d. A destila\u00e7\u00e3o acontece em alambiques de cobre, a fogo de lenha, como manda a tradi\u00e7\u00e3o. Depois, o medronho matura em barris de carvalho, e evelhece durante pelo menos 5 anos \u2014at\u00e9 ganhar aquela cor dourada e aquele sabor profundo com fumo, taninos, e o doce da fruta que lhe deu origem.[\/vc_column_text][vc_empty_space height=&#8221;&#8221; el_class=&#8221;spacer-half&#8221;][\/vc_column][vc_column width=&#8221;1\/6&#8243;][\/vc_column][\/vc_row][vc_row css_animation=&#8221;&#8221; row_type=&#8221;row&#8221; use_row_as_full_screen_section=&#8221;no&#8221; type=&#8221;full_width&#8221; angled_section=&#8221;no&#8221; text_align=&#8221;left&#8221; background_image_as_pattern=&#8221;without_pattern&#8221;][vc_column width=&#8221;1\/6&#8243;][\/vc_column][vc_column width=&#8221;1\/4&#8243; el_class=&#8221;mobile_margin&#8221;][vc_single_image image=&#8221;70&#8243; img_size=&#8221;full&#8221; alignment=&#8221;center&#8221; css=&#8221;&#8221; qode_css_animation=&#8221;&#8221;][vc_empty_space height=&#8221;&#8221; el_class=&#8221;spacer-mobile-only&#8221;][\/vc_column][vc_column width=&#8221;1\/2&#8243; el_class=&#8221;mobile_margin&#8221;][vc_single_image image=&#8221;69&#8243; img_size=&#8221;full&#8221; alignment=&#8221;center&#8221; css=&#8221;&#8221; qode_css_animation=&#8221;&#8221;][\/vc_column][vc_column width=&#8221;1\/12&#8243;][\/vc_column][\/vc_row][vc_row css_animation=&#8221;&#8221; row_type=&#8221;row&#8221; use_row_as_full_screen_section=&#8221;no&#8221; type=&#8221;full_width&#8221; angled_section=&#8221;no&#8221; text_align=&#8221;left&#8221; background_image_as_pattern=&#8221;without_pattern&#8221;][vc_column width=&#8221;5\/12&#8243;][\/vc_column][vc_column width=&#8221;5\/12&#8243;][vc_empty_space height=&#8221;&#8221; el_class=&#8221;spacer-half&#8221;][vc_column_text css=&#8221;&#8221;]Isto \u00e9 cultura engarrafada. Qualquer pessoa comprovar\u00e1 o que \u00e9 um bom medronho e o dirao com orgulho. E n\u00f3s fazemos tudo para que o esp\u00edrito desta tradi\u00e7\u00e3o portuguesa continue vivo em cada garrafa, e em cada trago que se leva \u00e0 boca.[\/vc_column_text][vc_empty_space height=&#8221;&#8221; el_class=&#8221;spacer&#8221;][\/vc_column][vc_column width=&#8221;1\/6&#8243;][\/vc_column][\/vc_row]<\/p>\n<\/div>","protected":false},"excerpt":{"rendered":"<p>[vc_row css_animation=&#8221;&#8221; row_type=&#8221;row&#8221; use_row_as_full_screen_section=&#8221;no&#8221; type=&#8221;full_width&#8221; angled_section=&#8221;no&#8221; text_align=&#8221;left&#8221; background_image_as_pattern=&#8221;without_pattern&#8221;][vc_column width=&#8221;1\/12&#8243;][\/vc_column][vc_column width=&#8221;1\/2&#8243;][vc_empty_space height=&#8221;&#8221; el_class=&#8221;spacer&#8221;][vc_single_image image=&#8221;71&#8243; img_size=&#8221;full&#8221; alignment=&#8221;center&#8221; css=&#8221;&#8221; qode_css_animation=&#8221;&#8221;][vc_empty_space height=&#8221;&#8221; el_class=&#8221;spacer-half&#8221;][vc_column_text css=&#8221;&#8221;] A Nossa [\/vc_column_text][vc_column_text css=&#8221;&#8221; el_class=&#8221;history_header&#8221;] Hist\u00f3ria [\/vc_column_text][vc_empty_space height=&#8221;&#8221; el_class=&#8221;spacer-quarter&#8221;][vc_column_text css=&#8221;&#8221; el_class=&#8221;intro&#8221;]Do medronheiro ao copo, a Albarya nasce inteira c\u00e1 no Monte Novo da Serra, um&#8230;<\/p>\n","protected":false},"author":2,"featured_media":0,"parent":0,"menu_order":2,"comment_status":"closed","ping_status":"closed","template":"full_width.php","meta":{"footnotes":""},"class_list":["post-271","page","type-page","status-publish","hentry"],"_links":{"self":[{"href":"https:\/\/albariya.eu\/pt-pt\/wp-json\/wp\/v2\/pages\/271","targetHints":{"allow":["GET"]}}],"collection":[{"href":"https:\/\/albariya.eu\/pt-pt\/wp-json\/wp\/v2\/pages"}],"about":[{"href":"https:\/\/albariya.eu\/pt-pt\/wp-json\/wp\/v2\/types\/page"}],"author":[{"embeddable":true,"href":"https:\/\/albariya.eu\/pt-pt\/wp-json\/wp\/v2\/users\/2"}],"replies":[{"embeddable":true,"href":"https:\/\/albariya.eu\/pt-pt\/wp-json\/wp\/v2\/comments?post=271"}],"version-history":[{"count":11,"href":"https:\/\/albariya.eu\/pt-pt\/wp-json\/wp\/v2\/pages\/271\/revisions"}],"predecessor-version":[{"id":303,"href":"https:\/\/albariya.eu\/pt-pt\/wp-json\/wp\/v2\/pages\/271\/revisions\/303"}],"wp:attachment":[{"href":"https:\/\/albariya.eu\/pt-pt\/wp-json\/wp\/v2\/media?parent=271"}],"curies":[{"name":"wp","href":"https:\/\/api.w.org\/{rel}","templated":true}]}}