{"id":281,"date":"2025-04-18T13:39:35","date_gmt":"2025-04-18T13:39:35","guid":{"rendered":"https:\/\/albariya.eu\/patrimonio-natural\/"},"modified":"2025-06-06T16:29:26","modified_gmt":"2025-06-06T16:29:26","slug":"patrimonio-natural","status":"publish","type":"page","link":"https:\/\/albariya.eu\/pt-pt\/patrimonio-natural\/","title":{"rendered":"Patrim\u00f3nio Natural"},"content":{"rendered":"<div class=\"wpb-content-wrapper\"><p>[vc_row css_animation=&#8221;&#8221; row_type=&#8221;row&#8221; use_row_as_full_screen_section=&#8221;no&#8221; type=&#8221;full_width&#8221; angled_section=&#8221;no&#8221; text_align=&#8221;left&#8221; background_image_as_pattern=&#8221;without_pattern&#8221;][vc_column][vc_empty_space height=&#8221;&#8221; el_class=&#8221;spacer&#8221;][\/vc_column][\/vc_row][vc_row css_animation=&#8221;&#8221; row_type=&#8221;row&#8221; use_row_as_full_screen_section=&#8221;no&#8221; type=&#8221;full_width&#8221; angled_section=&#8221;no&#8221; text_align=&#8221;left&#8221; background_image_as_pattern=&#8221;without_pattern&#8221;][vc_column width=&#8221;1\/6&#8243;][\/vc_column][vc_column width=&#8221;1\/4&#8243;][vc_single_image image=&#8221;90&#8243; img_size=&#8221;full&#8221; alignment=&#8221;center&#8221; css=&#8221;&#8221; qode_css_animation=&#8221;&#8221; el_class=&#8221;lynx&#8221;][vc_single_image image=&#8221;92&#8243; img_size=&#8221;full&#8221; alignment=&#8221;center&#8221; css=&#8221;&#8221; qode_css_animation=&#8221;&#8221; el_class=&#8221;signature&#8221;][\/vc_column][vc_column width=&#8221;1\/3&#8243;][vc_column_text css=&#8221;&#8221; el_class=&#8221;heritage_header&#8221;]<\/p>\n<h1>Patrim\u00f3nio Natural<\/h1>\n<p>[\/vc_column_text][vc_column_text css=&#8221;&#8221;]<\/p>\n<h2>de Portugal<\/h2>\n<p>[\/vc_column_text][vc_empty_space height=&#8221;&#8221; el_class=&#8221;spacer-quarter&#8221;][vc_row_inner row_type=&#8221;row&#8221; type=&#8221;full_width&#8221; text_align=&#8221;left&#8221; css_animation=&#8221;&#8221;][vc_column_inner width=&#8221;3\/4&#8243;][vc_column_text css=&#8221;&#8221; el_class=&#8221;intro&#8221;]Portugal \u00e9 a nossa terra, e por isso cuidamos com carinho da fauna e da flora que aqui vive, nesta pontinha do nosso planeta onde o tempo e os lugares ainda sussurram baixinho do seu patrim\u00f3nia.[\/vc_column_text][vc_empty_space height=&#8221;&#8221; el_class=&#8221;spacer-quarter&#8221;][vc_column_text css=&#8221;&#8221;]Ao produzir o nosso medronho com os mais altos padr\u00f5es ecol\u00f3gicos, trabalhamos para que o mundo natural das nossas exp\u00e9cies aut\u00f3ctonas do sul de Portugal possa continuar a viver em harmonia com a presen\u00e7a humana e a sua heran\u00e7a ancestral do medronho \u2014que \u00e9 tanto da terra como do povo.[\/vc_column_text][\/vc_column_inner][vc_column_inner width=&#8221;1\/4&#8243;][\/vc_column_inner][\/vc_row_inner][vc_empty_space height=&#8221;&#8221; el_class=&#8221;spacer-half&#8221;][\/vc_column][vc_column width=&#8221;1\/4&#8243;][\/vc_column][\/vc_row][vc_row css_animation=&#8221;&#8221; row_type=&#8221;row&#8221; use_row_as_full_screen_section=&#8221;no&#8221; type=&#8221;full_width&#8221; angled_section=&#8221;no&#8221; text_align=&#8221;left&#8221; background_image_as_pattern=&#8221;without_pattern&#8221;][vc_column width=&#8221;1\/6&#8243;][\/vc_column][vc_column width=&#8221;2\/3&#8243; el_class=&#8221;photo_holder&#8221;][qode_elements_holder number_of_columns=&#8221;two_columns&#8221; columns_proportion=&#8221;66_33&#8243;][qode_elements_holder_item cover=&#8221;yes&#8221; advanced_animations=&#8221;no&#8221; custom_class=&#8221;photo_frame&#8221; background_image=&#8221;99&#8243;][\/qode_elements_holder_item][qode_elements_holder_item cover=&#8221;yes&#8221; advanced_animations=&#8221;no&#8221; custom_class=&#8221;photo_frame&#8221; background_image=&#8221;100&#8243;][\/qode_elements_holder_item][\/qode_elements_holder][\/vc_column][vc_column width=&#8221;1\/6&#8243;][\/vc_column][\/vc_row][vc_row css_animation=&#8221;&#8221; row_type=&#8221;row&#8221; use_row_as_full_screen_section=&#8221;no&#8221; type=&#8221;full_width&#8221; angled_section=&#8221;no&#8221; text_align=&#8221;left&#8221; background_image_as_pattern=&#8221;without_pattern&#8221;][vc_column width=&#8221;1\/6&#8243;][\/vc_column][vc_column width=&#8221;1\/4&#8243;][\/vc_column][vc_column width=&#8221;1\/4&#8243;][vc_empty_space height=&#8221;&#8221; el_class=&#8221;spacer-half&#8221;][vc_column_text css=&#8221;&#8221;]A imagem no r\u00f3tulo \u00e9 uma homenagem \u00e0 nossa fauna aut\u00f3ctone. Na primeira edi\u00e7\u00e3o da Albarya, damos lugar ao lince-ib\u00e9rico (<em>Lynx pardinus<\/em>), um felino selvagem de tamanho m\u00e9dio, cuja popula\u00e7\u00e3o, felizmente em crescimento, j\u00e1 conta com cerca de 1600 indiv\u00edduos (em 2023).[\/vc_column_text][vc_empty_space height=&#8221;&#8221; el_class=&#8221;spacer&#8221;][\/vc_column][vc_column width=&#8221;1\/3&#8243;][\/vc_column][\/vc_row]<\/p>\n<\/div>","protected":false},"excerpt":{"rendered":"<p>[vc_row css_animation=&#8221;&#8221; row_type=&#8221;row&#8221; use_row_as_full_screen_section=&#8221;no&#8221; type=&#8221;full_width&#8221; angled_section=&#8221;no&#8221; text_align=&#8221;left&#8221; background_image_as_pattern=&#8221;without_pattern&#8221;][vc_column][vc_empty_space height=&#8221;&#8221; el_class=&#8221;spacer&#8221;][\/vc_column][\/vc_row][vc_row css_animation=&#8221;&#8221; row_type=&#8221;row&#8221; use_row_as_full_screen_section=&#8221;no&#8221; type=&#8221;full_width&#8221; angled_section=&#8221;no&#8221; text_align=&#8221;left&#8221; background_image_as_pattern=&#8221;without_pattern&#8221;][vc_column width=&#8221;1\/6&#8243;][\/vc_column][vc_column width=&#8221;1\/4&#8243;][vc_single_image image=&#8221;90&#8243; img_size=&#8221;full&#8221; alignment=&#8221;center&#8221; css=&#8221;&#8221; qode_css_animation=&#8221;&#8221; el_class=&#8221;lynx&#8221;][vc_single_image image=&#8221;92&#8243; img_size=&#8221;full&#8221; alignment=&#8221;center&#8221; css=&#8221;&#8221; qode_css_animation=&#8221;&#8221; el_class=&#8221;signature&#8221;][\/vc_column][vc_column width=&#8221;1\/3&#8243;][vc_column_text css=&#8221;&#8221; el_class=&#8221;heritage_header&#8221;] Patrim\u00f3nio Natural [\/vc_column_text][vc_column_text css=&#8221;&#8221;] de Portugal [\/vc_column_text][vc_empty_space height=&#8221;&#8221; el_class=&#8221;spacer-quarter&#8221;][vc_row_inner row_type=&#8221;row&#8221; type=&#8221;full_width&#8221;&#8230;<\/p>\n","protected":false},"author":2,"featured_media":0,"parent":0,"menu_order":3,"comment_status":"closed","ping_status":"closed","template":"full_width.php","meta":{"footnotes":""},"class_list":["post-281","page","type-page","status-publish","hentry"],"_links":{"self":[{"href":"https:\/\/albariya.eu\/pt-pt\/wp-json\/wp\/v2\/pages\/281","targetHints":{"allow":["GET"]}}],"collection":[{"href":"https:\/\/albariya.eu\/pt-pt\/wp-json\/wp\/v2\/pages"}],"about":[{"href":"https:\/\/albariya.eu\/pt-pt\/wp-json\/wp\/v2\/types\/page"}],"author":[{"embeddable":true,"href":"https:\/\/albariya.eu\/pt-pt\/wp-json\/wp\/v2\/users\/2"}],"replies":[{"embeddable":true,"href":"https:\/\/albariya.eu\/pt-pt\/wp-json\/wp\/v2\/comments?post=281"}],"version-history":[{"count":8,"href":"https:\/\/albariya.eu\/pt-pt\/wp-json\/wp\/v2\/pages\/281\/revisions"}],"predecessor-version":[{"id":312,"href":"https:\/\/albariya.eu\/pt-pt\/wp-json\/wp\/v2\/pages\/281\/revisions\/312"}],"wp:attachment":[{"href":"https:\/\/albariya.eu\/pt-pt\/wp-json\/wp\/v2\/media?parent=281"}],"curies":[{"name":"wp","href":"https:\/\/api.w.org\/{rel}","templated":true}]}}