{"id":284,"date":"2025-04-18T13:42:02","date_gmt":"2025-04-18T13:42:02","guid":{"rendered":"https:\/\/albariya.eu\/sobre-a-albarya\/"},"modified":"2025-06-06T16:30:14","modified_gmt":"2025-06-06T16:30:14","slug":"sobre-a-albarya","status":"publish","type":"page","link":"https:\/\/albariya.eu\/pt-pt\/sobre-a-albarya\/","title":{"rendered":"Sobre a Albarya"},"content":{"rendered":"<div class=\"wpb-content-wrapper\"><p>[vc_row css_animation=&#8221;&#8221; row_type=&#8221;row&#8221; use_row_as_full_screen_section=&#8221;no&#8221; type=&#8221;full_width&#8221; angled_section=&#8221;no&#8221; text_align=&#8221;left&#8221; background_image_as_pattern=&#8221;without_pattern&#8221;][vc_column][vc_empty_space height=&#8221;&#8221; el_class=&#8221;spacer&#8221;][\/vc_column][\/vc_row][vc_row css_animation=&#8221;&#8221; row_type=&#8221;row&#8221; use_row_as_full_screen_section=&#8221;no&#8221; type=&#8221;full_width&#8221; angled_section=&#8221;no&#8221; text_align=&#8221;left&#8221; background_image_as_pattern=&#8221;without_pattern&#8221;][vc_column width=&#8221;1\/12&#8243;][\/vc_column][vc_column width=&#8221;1\/2&#8243;][vc_single_image image=&#8221;107&#8243; img_size=&#8221;full&#8221; css=&#8221;&#8221; qode_css_animation=&#8221;&#8221; el_class=&#8221;surfer&#8221;][vc_empty_space height=&#8221;&#8221; el_class=&#8221;spacer-half&#8221;][vc_column_text css=&#8221;&#8221;]<\/p>\n<h1>Sobre<\/h1>\n<p>\n[\/vc_column_text][vc_column_text css=&#8221;&#8221; el_class=&#8221;about_header&#8221;]<\/p>\n<h1>a Albarya<\/h1>\n<p>\n[\/vc_column_text][vc_empty_space height=&#8221;&#8221; el_class=&#8221;spacer-quarter&#8221;][vc_column_text css=&#8221;&#8221; el_class=&#8221;intro&#8221;]Fazemos isto com amor.[\/vc_column_text][vc_empty_space height=&#8221;&#8221; el_class=&#8221;spacer-half&#8221;][\/vc_column][vc_column width=&#8221;5\/12&#8243;][\/vc_column][\/vc_row][vc_row css_animation=&#8221;&#8221; row_type=&#8221;row&#8221; use_row_as_full_screen_section=&#8221;no&#8221; type=&#8221;full_width&#8221; angled_section=&#8221;no&#8221; text_align=&#8221;left&#8221; background_image_as_pattern=&#8221;without_pattern&#8221;][vc_column width=&#8221;5\/12&#8243;][\/vc_column][vc_column width=&#8221;5\/12&#8243;][vc_column_text css=&#8221;&#8221;]A Albarya \u00e9 feita por m\u00e3os que conhecem o medronho como quem conhece a terra \u2014com uma experi\u00eancia conjunta que passa bem al\u00e9m de meio s\u00e9culo a colher, a destilar e a respeitar este fruto bravo que \u00e9 parte da nossa hist\u00f3ria e cultura.[\/vc_column_text][vc_empty_space height=&#8221;&#8221; el_class=&#8221;spacer&#8221;][\/vc_column][vc_column width=&#8221;1\/6&#8243;][\/vc_column][\/vc_row]<\/p>\n<\/div>","protected":false},"excerpt":{"rendered":"<p>[vc_row css_animation=&#8221;&#8221; row_type=&#8221;row&#8221; use_row_as_full_screen_section=&#8221;no&#8221; type=&#8221;full_width&#8221; angled_section=&#8221;no&#8221; text_align=&#8221;left&#8221; background_image_as_pattern=&#8221;without_pattern&#8221;][vc_column][vc_empty_space height=&#8221;&#8221; el_class=&#8221;spacer&#8221;][\/vc_column][\/vc_row][vc_row css_animation=&#8221;&#8221; row_type=&#8221;row&#8221; use_row_as_full_screen_section=&#8221;no&#8221; type=&#8221;full_width&#8221; angled_section=&#8221;no&#8221; text_align=&#8221;left&#8221; background_image_as_pattern=&#8221;without_pattern&#8221;][vc_column width=&#8221;1\/12&#8243;][\/vc_column][vc_column width=&#8221;1\/2&#8243;][vc_single_image image=&#8221;107&#8243; img_size=&#8221;full&#8221; css=&#8221;&#8221; qode_css_animation=&#8221;&#8221; el_class=&#8221;surfer&#8221;][vc_empty_space height=&#8221;&#8221; el_class=&#8221;spacer-half&#8221;][vc_column_text css=&#8221;&#8221;] Sobre [\/vc_column_text][vc_column_text css=&#8221;&#8221; el_class=&#8221;about_header&#8221;] a Albarya [\/vc_column_text][vc_empty_space height=&#8221;&#8221; el_class=&#8221;spacer-quarter&#8221;][vc_column_text css=&#8221;&#8221; el_class=&#8221;intro&#8221;]Fazemos isto com amor.[\/vc_column_text][vc_empty_space height=&#8221;&#8221; el_class=&#8221;spacer-half&#8221;][\/vc_column][vc_column width=&#8221;5\/12&#8243;][\/vc_column][\/vc_row][vc_row css_animation=&#8221;&#8221;&#8230;<\/p>\n","protected":false},"author":2,"featured_media":0,"parent":0,"menu_order":4,"comment_status":"closed","ping_status":"closed","template":"full_width.php","meta":{"footnotes":""},"class_list":["post-284","page","type-page","status-publish","hentry"],"_links":{"self":[{"href":"https:\/\/albariya.eu\/pt-pt\/wp-json\/wp\/v2\/pages\/284","targetHints":{"allow":["GET"]}}],"collection":[{"href":"https:\/\/albariya.eu\/pt-pt\/wp-json\/wp\/v2\/pages"}],"about":[{"href":"https:\/\/albariya.eu\/pt-pt\/wp-json\/wp\/v2\/types\/page"}],"author":[{"embeddable":true,"href":"https:\/\/albariya.eu\/pt-pt\/wp-json\/wp\/v2\/users\/2"}],"replies":[{"embeddable":true,"href":"https:\/\/albariya.eu\/pt-pt\/wp-json\/wp\/v2\/comments?post=284"}],"version-history":[{"count":5,"href":"https:\/\/albariya.eu\/pt-pt\/wp-json\/wp\/v2\/pages\/284\/revisions"}],"predecessor-version":[{"id":315,"href":"https:\/\/albariya.eu\/pt-pt\/wp-json\/wp\/v2\/pages\/284\/revisions\/315"}],"wp:attachment":[{"href":"https:\/\/albariya.eu\/pt-pt\/wp-json\/wp\/v2\/media?parent=284"}],"curies":[{"name":"wp","href":"https:\/\/api.w.org\/{rel}","templated":true}]}}